{"id":2533,"date":"2019-07-31T05:57:43","date_gmt":"2019-07-31T05:57:43","guid":{"rendered":"http:\/\/rawinsight.us\/?page_id=2533"},"modified":"2023-03-14T05:45:45","modified_gmt":"2023-03-14T05:45:45","slug":"nuestra-gente","status":"publish","type":"page","link":"https:\/\/rawinsight.us\/es\/nuestra-gente\/","title":{"rendered":"Nuestra Gente"},"content":{"rendered":"\t\t<div data-elementor-type=\"wp-page\" data-elementor-id=\"2533\" class=\"elementor elementor-2533\" data-elementor-post-type=\"page\">\n\t\t\t\t\t\t<section class=\"has_eae_slider elementor-section elementor-top-section elementor-element elementor-element-a2bda03 elementor-section-full_width elementor-section-content-middle elementor-section-height-default elementor-section-height-default\" data-eae-slider=\"65429\" data-id=\"a2bda03\" data-element_type=\"section\" data-e-type=\"section\" data-settings=\"{&quot;background_background&quot;:&quot;classic&quot;}\">\n\t\t\t\t\t\t<div class=\"elementor-container elementor-column-gap-default\">\n\t\t\t\t\t<div class=\"has_eae_slider elementor-column elementor-col-50 elementor-top-column elementor-element elementor-element-ab4b3d8 elementor-invisible\" data-eae-slider=\"97594\" data-id=\"ab4b3d8\" data-element_type=\"column\" data-e-type=\"column\" data-settings=\"{&quot;animation&quot;:&quot;fadeInLeft&quot;,&quot;background_background&quot;:&quot;classic&quot;}\">\n\t\t\t<div class=\"elementor-widget-wrap elementor-element-populated\">\n\t\t\t\t\t\t<div class=\"elementor-element elementor-element-7f75916 elementor-widget elementor-widget-spacer\" data-id=\"7f75916\" data-element_type=\"widget\" data-e-type=\"widget\" data-widget_type=\"spacer.default\">\n\t\t\t\t<div class=\"elementor-widget-container\">\n\t\t\t\t\t\t\t<div class=\"elementor-spacer\">\n\t\t\t<div class=\"elementor-spacer-inner\"><\/div>\n\t\t<\/div>\n\t\t\t\t\t\t<\/div>\n\t\t\t\t<\/div>\n\t\t\t\t\t<\/div>\n\t\t<\/div>\n\t\t\t\t<div class=\"has_eae_slider elementor-column elementor-col-50 elementor-top-column elementor-element elementor-element-010b643 elementor-invisible\" data-eae-slider=\"11683\" data-id=\"010b643\" data-element_type=\"column\" data-e-type=\"column\" data-settings=\"{&quot;animation&quot;:&quot;fadeInRight&quot;}\">\n\t\t\t<div class=\"elementor-widget-wrap elementor-element-populated\">\n\t\t\t\t\t\t<section class=\"has_eae_slider elementor-section elementor-inner-section elementor-element elementor-element-6274dc2 elementor-section-boxed elementor-section-height-default elementor-section-height-default\" data-eae-slider=\"64719\" data-id=\"6274dc2\" data-element_type=\"section\" data-e-type=\"section\">\n\t\t\t\t\t\t<div class=\"elementor-container elementor-column-gap-default\">\n\t\t\t\t\t<div class=\"has_eae_slider elementor-column elementor-col-100 elementor-inner-column elementor-element elementor-element-85c98ee\" data-eae-slider=\"87072\" data-id=\"85c98ee\" data-element_type=\"column\" data-e-type=\"column\">\n\t\t\t<div class=\"elementor-widget-wrap elementor-element-populated\">\n\t\t\t\t\t\t<div class=\"elementor-element elementor-element-f3b1297 elementor-widget elementor-widget-heading\" data-id=\"f3b1297\" data-element_type=\"widget\" data-e-type=\"widget\" data-widget_type=\"heading.default\">\n\t\t\t\t<div class=\"elementor-widget-container\">\n\t\t\t\t\t<h2 class=\"elementor-heading-title elementor-size-default\">Nuestra <span style=\"color:#e5223c\">Gente <\/span><\/h2>\t\t\t\t<\/div>\n\t\t\t\t<\/div>\n\t\t\t\t\t<\/div>\n\t\t<\/div>\n\t\t\t\t\t<\/div>\n\t\t<\/section>\n\t\t\t\t<section class=\"has_eae_slider elementor-section elementor-inner-section elementor-element elementor-element-e57b028 elementor-section-boxed elementor-section-height-default elementor-section-height-default\" data-eae-slider=\"99661\" data-id=\"e57b028\" data-element_type=\"section\" data-e-type=\"section\">\n\t\t\t\t\t\t<div class=\"elementor-container elementor-column-gap-default\">\n\t\t\t\t\t<div class=\"has_eae_slider elementor-column elementor-col-100 elementor-inner-column elementor-element elementor-element-2849bf6\" data-eae-slider=\"20465\" data-id=\"2849bf6\" data-element_type=\"column\" data-e-type=\"column\">\n\t\t\t<div class=\"elementor-widget-wrap elementor-element-populated\">\n\t\t\t\t\t\t<div class=\"elementor-element elementor-element-7f0415f elementor-widget elementor-widget-text-editor\" data-id=\"7f0415f\" data-element_type=\"widget\" data-e-type=\"widget\" data-widget_type=\"text-editor.default\">\n\t\t\t\t<div class=\"elementor-widget-container\">\n\t\t\t\t\t\t\t\t\t<p>Somos un equipo de exploradores audaces, mentes estrat\u00e9gicas y detectives de datos, quienes siempre estamos empujando las fronteras del statu quo. Nuestro diverso equipo multicultural est\u00e1 compuesto por profesionales con experiencia y \u00fanicos \u00fanicos. Estamos ubicados en el coraz\u00f3n de Manhattan, Nueva York, pero nuestro trabajo nos lleva a los m\u00e1s diversos rincones del mundo.<\/p><p>Nuestros clientes se distribuyen a lo largo de tres continentes y servimos a muy diversas industrias, tanto del sector p\u00fablico como privado. Contar con brillantes consultores asociados nos permite colaborar para resolver los problemas m\u00e1s complejos y desafiantes, utilizando siempre t\u00e9cnicas, herramientas y tecnolog\u00eda de vanguardia.<\/p><p>Nos apasiona lo que hacemos y siempre estamos dispuestos a compartir con Ud., ya sea para hablar de negocios o tomar una taza de caf\u00e9 y conversar sobre las \u00faltimas tendencias en estrategia, tecnolog\u00eda y la experiencia humana.<\/p>\t\t\t\t\t\t\t\t<\/div>\n\t\t\t\t<\/div>\n\t\t\t\t\t<\/div>\n\t\t<\/div>\n\t\t\t\t\t<\/div>\n\t\t<\/section>\n\t\t\t\t<div class=\"elementor-element elementor-element-a5bae35 elementor-widget elementor-widget-spacer\" data-id=\"a5bae35\" data-element_type=\"widget\" data-e-type=\"widget\" data-widget_type=\"spacer.default\">\n\t\t\t\t<div class=\"elementor-widget-container\">\n\t\t\t\t\t\t\t<div class=\"elementor-spacer\">\n\t\t\t<div class=\"elementor-spacer-inner\"><\/div>\n\t\t<\/div>\n\t\t\t\t\t\t<\/div>\n\t\t\t\t<\/div>\n\t\t\t\t\t<\/div>\n\t\t<\/div>\n\t\t\t\t\t<\/div>\n\t\t<\/section>\n\t\t\t\t<section data-eae-particle=\"{\n  &quot;particles&quot;: {\n    &quot;number&quot;: {\n      &quot;value&quot;: 80,\n      &quot;density&quot;: {\n        &quot;enable&quot;: true,\n        &quot;value_area&quot;: 800\n      }\n    },\n    &quot;color&quot;: {\n      &quot;value&quot;: &quot;#ffffff&quot;\n    },\n    &quot;shape&quot;: {\n      &quot;type&quot;: &quot;circle&quot;,\n      &quot;stroke&quot;: {\n        &quot;width&quot;: 0,\n        &quot;color&quot;: &quot;#000000&quot;\n      },\n      &quot;polygon&quot;: {\n        &quot;nb_sides&quot;: 5\n      },\n      &quot;image&quot;: {\n        &quot;src&quot;: &quot;img\/github.svg&quot;,\n        &quot;width&quot;: 100,\n        &quot;height&quot;: 100\n      }\n    },\n    &quot;opacity&quot;: {\n      &quot;value&quot;: 0.5,\n      &quot;random&quot;: false,\n      &quot;anim&quot;: {\n        &quot;enable&quot;: false,\n        &quot;speed&quot;: 1,\n        &quot;opacity_min&quot;: 0.1,\n        &quot;sync&quot;: false\n      }\n    },\n    &quot;size&quot;: {\n      &quot;value&quot;: 3,\n      &quot;random&quot;: true,\n      &quot;anim&quot;: {\n        &quot;enable&quot;: false,\n        &quot;speed&quot;: 40,\n        &quot;size_min&quot;: 0.1,\n        &quot;sync&quot;: false\n      }\n    },\n    &quot;line_linked&quot;: {\n      &quot;enable&quot;: true,\n      &quot;distance&quot;: 150,\n      &quot;color&quot;: &quot;#ffffff&quot;,\n      &quot;opacity&quot;: 0.4,\n      &quot;width&quot;: 1\n    },\n    &quot;move&quot;: {\n      &quot;enable&quot;: true,\n      &quot;speed&quot;: 6,\n      &quot;direction&quot;: &quot;none&quot;,\n      &quot;random&quot;: false,\n      &quot;straight&quot;: false,\n      &quot;out_mode&quot;: &quot;out&quot;,\n      &quot;bounce&quot;: false,\n      &quot;attract&quot;: {\n        &quot;enable&quot;: false,\n        &quot;rotateX&quot;: 600,\n        &quot;rotateY&quot;: 1200\n      }\n    }\n  },\n  &quot;interactivity&quot;: {\n    &quot;detect_on&quot;: &quot;canvas&quot;,\n    &quot;events&quot;: {\n      &quot;onhover&quot;: {\n        &quot;enable&quot;: true,\n        &quot;mode&quot;: &quot;repulse&quot;\n      },\n      &quot;onclick&quot;: {\n        &quot;enable&quot;: true,\n        &quot;mode&quot;: &quot;push&quot;\n      },\n      &quot;resize&quot;: true\n    },\n    &quot;modes&quot;: {\n      &quot;grab&quot;: {\n        &quot;distance&quot;: 400,\n        &quot;line_linked&quot;: {\n          &quot;opacity&quot;: 1\n        }\n      },\n      &quot;bubble&quot;: {\n        &quot;distance&quot;: 400,\n        &quot;size&quot;: 40,\n        &quot;duration&quot;: 2,\n        &quot;opacity&quot;: 8,\n        &quot;speed&quot;: 3\n      },\n      &quot;repulse&quot;: {\n        &quot;distance&quot;: 200,\n        &quot;duration&quot;: 0.4\n      },\n      &quot;push&quot;: {\n        &quot;particles_nb&quot;: 4\n      },\n      &quot;remove&quot;: {\n        &quot;particles_nb&quot;: 2\n      }\n    }\n  },\n  &quot;retina_detect&quot;: true\n}\" class=\"has_eae_slider elementor-section elementor-top-section elementor-element elementor-element-db3c192 eae-particle-yes elementor-section-boxed elementor-section-height-default elementor-section-height-default elementor-invisible\" data-eae-slider=\"39278\" data-id=\"db3c192\" data-element_type=\"section\" data-e-type=\"section\" data-settings=\"{&quot;background_background&quot;:&quot;classic&quot;,&quot;animation&quot;:&quot;fadeInUp&quot;}\">\n\t\t\t\t\t\t<div class=\"elementor-container elementor-column-gap-default\">\n\t\t\t\t\t<div class=\"has_eae_slider elementor-column elementor-col-100 elementor-top-column elementor-element elementor-element-dd82c17\" data-eae-slider=\"55056\" data-id=\"dd82c17\" data-element_type=\"column\" data-e-type=\"column\">\n\t\t\t<div class=\"elementor-widget-wrap elementor-element-populated\">\n\t\t\t\t\t\t<div class=\"elementor-element elementor-element-28fed71 elementor-widget elementor-widget-heading\" data-id=\"28fed71\" data-element_type=\"widget\" data-e-type=\"widget\" data-widget_type=\"heading.default\">\n\t\t\t\t<div class=\"elementor-widget-container\">\n\t\t\t\t\t<h2 class=\"elementor-heading-title elementor-size-default\">Somos <span style=\"color:#e5223c\">Raw Insight<\/span><\/h2>\t\t\t\t<\/div>\n\t\t\t\t<\/div>\n\t\t\t\t\t<\/div>\n\t\t<\/div>\n\t\t\t\t\t<\/div>\n\t\t<\/section>\n\t\t\t\t<\/div>\n\t\t","protected":false},"excerpt":{"rendered":"<p>Nuestra Gente Somos un equipo de exploradores audaces, mentes estrat\u00e9gicas y detectives de datos, quienes siempre estamos empujando las fronteras del statu quo. Nuestro diverso equipo multicultural est\u00e1 compuesto por&#8230;<\/p>\n","protected":false},"author":2,"featured_media":0,"parent":0,"menu_order":0,"comment_status":"closed","ping_status":"closed","template":"elementor_header_footer","meta":{"nf_dc_page":"","footnotes":""},"class_list":["post-2533","page","type-page","status-publish"],"aioseo_notices":[],"jetpack_sharing_enabled":true,"jetpack_shortlink":"https:\/\/wp.me\/P7wNo8-ER","jetpack-related-posts":[{"id":2537,"url":"https:\/\/rawinsight.us\/es\/servicios-de-consultoria\/","url_meta":{"origin":2533,"position":0},"title":"Servicios de Consultor\u00eda","author":"Admin","date":"julio 31, 2019","format":false,"excerpt":"Servicios de Consultor\u00eda Somos una agencia de consultor\u00eda estrat\u00e9gica \u2018full-service\u2019. Atravesamos el ruido y la complejidad de nuestro mundo digital para descubrir los \u2018insights\u2019 vitales que cambian las reglas del juego y que adem\u00e1s sirven de combustible para dise\u00f1ar sus estrategias m\u00e1s exitosas. \u00a1Perm\u00edtanos guiarle hacia su pr\u00f3xima gran victoria!\u2026","rel":"","context":"Entrada similar","block_context":{"text":"Entrada similar","link":""},"img":{"alt_text":"","src":"https:\/\/i0.wp.com\/rawinsight.us\/wp-content\/uploads\/2019\/06\/handshake.png?resize=350%2C200&ssl=1","width":350,"height":200},"classes":[]},{"id":2994,"url":"https:\/\/rawinsight.us\/es\/nuestros-clientes\/","url_meta":{"origin":2533,"position":1},"title":"Nuestros Clientes","author":"Admin","date":"marzo 14, 2023","format":false,"excerpt":"Nuestros Clientes Despu\u00e9s de trabajar para las grandes consultoras, decidimos crear una nueva agencia con un nuevo enfoque centrado en el cliente\/ciudadano para proyectos de consultor\u00eda tradicionales y no tradicionales. Trabajamos muy de cerca en estricta confidencialidad con nuestros clientes a lo largo de tres continentes para abordar sus desaf\u00edos\u2026","rel":"","context":"Entrada similar","block_context":{"text":"Entrada similar","link":""},"img":{"alt_text":"","src":"","width":0,"height":0},"classes":[]},{"id":2425,"url":"https:\/\/rawinsight.us\/es\/contactenos\/","url_meta":{"origin":2533,"position":2},"title":"Cont\u00e1ctenos","author":"Admin","date":"julio 12, 2019","format":false,"excerpt":"Trabajamos en proyectos a nivel global, nos gustar\u00eda conocer sus retos Cont\u00e1ctenos Envi\u00e9nos un mensaje utilizando el siguiente formulario. 1357 Broadway New York, NY 10018 info@rawinsight.us Somos Raw Insight","rel":"","context":"Entrada similar","block_context":{"text":"Entrada similar","link":""},"img":{"alt_text":"","src":"","width":0,"height":0},"classes":[]}],"_links":{"self":[{"href":"https:\/\/rawinsight.us\/es\/wp-json\/wp\/v2\/pages\/2533","targetHints":{"allow":["GET"]}}],"collection":[{"href":"https:\/\/rawinsight.us\/es\/wp-json\/wp\/v2\/pages"}],"about":[{"href":"https:\/\/rawinsight.us\/es\/wp-json\/wp\/v2\/types\/page"}],"author":[{"embeddable":true,"href":"https:\/\/rawinsight.us\/es\/wp-json\/wp\/v2\/users\/2"}],"replies":[{"embeddable":true,"href":"https:\/\/rawinsight.us\/es\/wp-json\/wp\/v2\/comments?post=2533"}],"version-history":[{"count":3,"href":"https:\/\/rawinsight.us\/es\/wp-json\/wp\/v2\/pages\/2533\/revisions"}],"predecessor-version":[{"id":3092,"href":"https:\/\/rawinsight.us\/es\/wp-json\/wp\/v2\/pages\/2533\/revisions\/3092"}],"wp:attachment":[{"href":"https:\/\/rawinsight.us\/es\/wp-json\/wp\/v2\/media?parent=2533"}],"curies":[{"name":"wp","href":"https:\/\/api.w.org\/{rel}","templated":true}]}}