{"id":2554,"date":"2019-07-31T22:18:17","date_gmt":"2019-07-31T22:18:17","guid":{"rendered":"http:\/\/rawinsight.us\/?page_id=2554"},"modified":"2023-03-14T05:43:05","modified_gmt":"2023-03-14T05:43:05","slug":"porque-raw-insight","status":"publish","type":"page","link":"https:\/\/rawinsight.us\/es\/porque-raw-insight\/","title":{"rendered":"Porqu\u00e9 RAW Insight"},"content":{"rendered":"\t\t<div data-elementor-type=\"wp-page\" data-elementor-id=\"2554\" class=\"elementor elementor-2554\" data-elementor-post-type=\"page\">\n\t\t\t\t\t\t<section class=\"has_eae_slider elementor-section elementor-top-section elementor-element elementor-element-e058200 elementor-section-height-min-height elementor-section-content-middle elementor-section-boxed elementor-section-height-default elementor-section-items-middle\" data-eae-slider=\"2185\" data-id=\"e058200\" data-element_type=\"section\" data-e-type=\"section\">\n\t\t\t\t\t\t<div class=\"elementor-container elementor-column-gap-default\">\n\t\t\t\t\t<div class=\"has_eae_slider elementor-column elementor-col-50 elementor-top-column elementor-element elementor-element-ea154f2\" data-eae-slider=\"61287\" data-id=\"ea154f2\" data-element_type=\"column\" data-e-type=\"column\">\n\t\t\t<div class=\"elementor-widget-wrap elementor-element-populated\">\n\t\t\t\t\t\t<section class=\"has_eae_slider elementor-section elementor-inner-section elementor-element elementor-element-5c75995 elementor-section-boxed elementor-section-height-default elementor-section-height-default\" data-eae-slider=\"37146\" data-id=\"5c75995\" data-element_type=\"section\" data-e-type=\"section\">\n\t\t\t\t\t\t<div class=\"elementor-container elementor-column-gap-default\">\n\t\t\t\t\t<div class=\"has_eae_slider elementor-column elementor-col-100 elementor-inner-column elementor-element elementor-element-0913bca\" data-eae-slider=\"21211\" data-id=\"0913bca\" data-element_type=\"column\" data-e-type=\"column\">\n\t\t\t<div class=\"elementor-widget-wrap elementor-element-populated\">\n\t\t\t\t\t\t<div class=\"elementor-element elementor-element-db4c03c elementor-widget elementor-widget-heading\" data-id=\"db4c03c\" data-element_type=\"widget\" data-e-type=\"widget\" data-widget_type=\"heading.default\">\n\t\t\t\t<div class=\"elementor-widget-container\">\n\t\t\t\t\t<h2 class=\"elementor-heading-title elementor-size-default\">Porqu\u00e9 <span style=\"color:#e5223c\">RAW INSIGHT?<\/span><\/h2>\t\t\t\t<\/div>\n\t\t\t\t<\/div>\n\t\t\t\t\t<\/div>\n\t\t<\/div>\n\t\t\t\t\t<\/div>\n\t\t<\/section>\n\t\t\t\t<section class=\"has_eae_slider elementor-section elementor-inner-section elementor-element elementor-element-2ab6b06 elementor-section-boxed elementor-section-height-default elementor-section-height-default\" data-eae-slider=\"32290\" data-id=\"2ab6b06\" data-element_type=\"section\" data-e-type=\"section\">\n\t\t\t\t\t\t<div class=\"elementor-container elementor-column-gap-default\">\n\t\t\t\t\t<div class=\"has_eae_slider elementor-column elementor-col-100 elementor-inner-column elementor-element elementor-element-7a42d49\" data-eae-slider=\"84599\" data-id=\"7a42d49\" data-element_type=\"column\" data-e-type=\"column\">\n\t\t\t<div class=\"elementor-widget-wrap elementor-element-populated\">\n\t\t\t\t\t\t<div class=\"elementor-element elementor-element-1fd301c elementor-widget elementor-widget-text-editor\" data-id=\"1fd301c\" data-element_type=\"widget\" data-e-type=\"widget\" data-widget_type=\"text-editor.default\">\n\t\t\t\t<div class=\"elementor-widget-container\">\n\t\t\t\t\t\t\t\t\t<p>Creemos que la consultor\u00eda de negocios tradicional fue dise\u00f1ada para una era distinta. Las agencias tradicionales son impersonales, anticuadas, r\u00edgidas y lentas. \u00a1El marketing de masas ha muerto, al igual que la consultor\u00eda de masas!<\/p><p>Somos una consultora boutique, \u00e1gil, digital, disruptiva, intr\u00e9pida, vanguardista y fresca. Abrazamos el cambio e impulsamos el crecimiento con pasi\u00f3n y determinaci\u00f3n.<\/p><p>Creemos firmemente en la personalizaci\u00f3n. Cada cliente es \u00fanico y especial para nosotros. Nuestro equipo consultor de clase mundial cuenta con amplia experiencia a lo largo de diversos sectores y marcas globales, abordando cada proyecto de estrategia y anal\u00edtica desde un enfoque 360-hol\u00edstico, \u00e1gil, innovador y fresco.\u00a0<\/p>\t\t\t\t\t\t\t\t<\/div>\n\t\t\t\t<\/div>\n\t\t\t\t<div class=\"elementor-element elementor-element-cb474fc elementor-widget elementor-widget-text-editor\" data-id=\"cb474fc\" data-element_type=\"widget\" data-e-type=\"widget\" data-widget_type=\"text-editor.default\">\n\t\t\t\t<div class=\"elementor-widget-container\">\n\t\t\t\t\t\t\t\t\t<h3><strong>\u00a1Nos comprometemos a agregar valor a su negocio mientras le ayudamos a:<\/strong><\/h3>\t\t\t\t\t\t\t\t<\/div>\n\t\t\t\t<\/div>\n\t\t\t\t<div class=\"elementor-element elementor-element-e1428a0 elementor-widget elementor-widget-text-editor\" data-id=\"e1428a0\" data-element_type=\"widget\" data-e-type=\"widget\" data-widget_type=\"text-editor.default\">\n\t\t\t\t<div class=\"elementor-widget-container\">\n\t\t\t\t\t\t\t\t\t<ul><li>Obtener una experta perspectiva externa<\/li><li>Extraer valor real de sus datos<\/li><li>Mejorar la toma de decisiones<\/li><li>Asegurar una ventaja competitiva<\/li><li>Predecir de forma acertada<\/li><li>Responder velozmente a las necesidades de sus clientes y consumidores<\/li><li>Escalar y obtener resultados m\u00e1s r\u00e1pido<\/li><li>Ser m\u00e1s eficiente<\/li><li>Impulsar la innovaci\u00f3n<\/li><li>Reducir el riesgo<\/li><li>Maximizar el Retorno de la Inversi\u00f3n (ROI)<\/li><li>Volver su operaci\u00f3n m\u00e1s inteligente<\/li><li>\u00a1Ganar las elecciones!<\/li><\/ul>\t\t\t\t\t\t\t\t<\/div>\n\t\t\t\t<\/div>\n\t\t\t\t\t<\/div>\n\t\t<\/div>\n\t\t\t\t\t<\/div>\n\t\t<\/section>\n\t\t\t\t\t<\/div>\n\t\t<\/div>\n\t\t\t\t<div class=\"has_eae_slider elementor-column elementor-col-50 elementor-top-column elementor-element elementor-element-7947517\" data-eae-slider=\"83944\" data-id=\"7947517\" data-element_type=\"column\" data-e-type=\"column\" data-settings=\"{&quot;motion_fx_motion_fx_scrolling&quot;:&quot;yes&quot;,&quot;motion_fx_translateX_effect&quot;:&quot;yes&quot;,&quot;motion_fx_translateX_direction&quot;:&quot;negative&quot;,&quot;motion_fx_translateX_affectedRange&quot;:{&quot;unit&quot;:&quot;%&quot;,&quot;size&quot;:&quot;&quot;,&quot;sizes&quot;:{&quot;start&quot;:0,&quot;end&quot;:50}},&quot;motion_fx_translateX_speed&quot;:{&quot;unit&quot;:&quot;px&quot;,&quot;size&quot;:4,&quot;sizes&quot;:[]},&quot;motion_fx_devices&quot;:[&quot;desktop&quot;,&quot;tablet&quot;,&quot;mobile&quot;]}\">\n\t\t\t<div class=\"elementor-widget-wrap elementor-element-populated\">\n\t\t\t\t\t\t<section class=\"has_eae_slider elementor-section elementor-inner-section elementor-element elementor-element-a35a206 elementor-section-boxed elementor-section-height-default elementor-section-height-default\" data-eae-slider=\"51088\" data-id=\"a35a206\" data-element_type=\"section\" data-e-type=\"section\">\n\t\t\t\t\t\t<div class=\"elementor-container elementor-column-gap-default\">\n\t\t\t\t\t<div class=\"has_eae_slider elementor-column elementor-col-100 elementor-inner-column elementor-element elementor-element-f53d5e4\" data-eae-slider=\"76105\" data-id=\"f53d5e4\" data-element_type=\"column\" data-e-type=\"column\">\n\t\t\t<div class=\"elementor-widget-wrap elementor-element-populated\">\n\t\t\t\t\t\t<div class=\"elementor-element elementor-element-00f07b5 elementor-widget elementor-widget-image\" data-id=\"00f07b5\" data-element_type=\"widget\" data-e-type=\"widget\" data-widget_type=\"image.default\">\n\t\t\t\t<div class=\"elementor-widget-container\">\n\t\t\t\t\t\t\t\t\t\t\t\t\t\t\t<img fetchpriority=\"high\" decoding=\"async\" width=\"479\" height=\"588\" src=\"https:\/\/i0.wp.com\/rawinsight.us\/wp-content\/uploads\/2019\/06\/icon-big.png?fit=479%2C588&amp;ssl=1\" class=\"attachment-full size-full wp-image-2193\" alt=\"\" data-attachment-id=\"2193\" data-permalink=\"https:\/\/rawinsight.us\/es\/icon-big-2\/\" data-orig-file=\"https:\/\/i0.wp.com\/rawinsight.us\/wp-content\/uploads\/2019\/06\/icon-big.png?fit=479%2C588&amp;ssl=1\" data-orig-size=\"479,588\" data-comments-opened=\"0\" data-image-meta=\"{&quot;aperture&quot;:&quot;0&quot;,&quot;credit&quot;:&quot;&quot;,&quot;camera&quot;:&quot;&quot;,&quot;caption&quot;:&quot;&quot;,&quot;created_timestamp&quot;:&quot;0&quot;,&quot;copyright&quot;:&quot;&quot;,&quot;focal_length&quot;:&quot;0&quot;,&quot;iso&quot;:&quot;0&quot;,&quot;shutter_speed&quot;:&quot;0&quot;,&quot;title&quot;:&quot;&quot;,&quot;orientation&quot;:&quot;0&quot;}\" data-image-title=\"icon-big\" data-image-description=\"\" data-image-caption=\"\" data-large-file=\"https:\/\/i0.wp.com\/rawinsight.us\/wp-content\/uploads\/2019\/06\/icon-big.png?fit=479%2C588&amp;ssl=1\" \/>\t\t\t\t\t\t\t\t\t\t\t\t\t\t\t<\/div>\n\t\t\t\t<\/div>\n\t\t\t\t\t<\/div>\n\t\t<\/div>\n\t\t\t\t\t<\/div>\n\t\t<\/section>\n\t\t\t\t\t<\/div>\n\t\t<\/div>\n\t\t\t\t\t<\/div>\n\t\t<\/section>\n\t\t\t\t<section class=\"has_eae_slider elementor-section elementor-top-section elementor-element elementor-element-e777529 elementor-section-boxed elementor-section-height-default elementor-section-height-default\" data-eae-slider=\"91889\" data-id=\"e777529\" data-element_type=\"section\" data-e-type=\"section\" data-settings=\"{&quot;background_background&quot;:&quot;classic&quot;}\">\n\t\t\t\t\t\t<div class=\"elementor-container elementor-column-gap-default\">\n\t\t\t\t\t<div class=\"has_eae_slider elementor-column elementor-col-100 elementor-top-column elementor-element elementor-element-4bd0afd\" data-eae-slider=\"3470\" data-id=\"4bd0afd\" data-element_type=\"column\" data-e-type=\"column\">\n\t\t\t<div class=\"elementor-widget-wrap elementor-element-populated\">\n\t\t\t\t\t\t<div class=\"elementor-element elementor-element-fb6ea00 elementor-widget elementor-widget-heading\" data-id=\"fb6ea00\" data-element_type=\"widget\" data-e-type=\"widget\" data-widget_type=\"heading.default\">\n\t\t\t\t<div class=\"elementor-widget-container\">\n\t\t\t\t\t<h2 class=\"elementor-heading-title elementor-size-default\">\u00a1Construyamos YA su estrategia ganadora!<\/h2>\t\t\t\t<\/div>\n\t\t\t\t<\/div>\n\t\t\t\t\t<\/div>\n\t\t<\/div>\n\t\t\t\t\t<\/div>\n\t\t<\/section>\n\t\t\t\t<\/div>\n\t\t","protected":false},"excerpt":{"rendered":"<p>Porqu\u00e9 RAW INSIGHT? Creemos que la consultor\u00eda de negocios tradicional fue dise\u00f1ada para una era distinta. Las agencias tradicionales son impersonales, anticuadas, r\u00edgidas y lentas. \u00a1El marketing de masas ha&#8230;<\/p>\n","protected":false},"author":2,"featured_media":0,"parent":0,"menu_order":0,"comment_status":"closed","ping_status":"closed","template":"elementor_header_footer","meta":{"nf_dc_page":"","footnotes":""},"class_list":["post-2554","page","type-page","status-publish"],"aioseo_notices":[],"jetpack_sharing_enabled":true,"jetpack_shortlink":"https:\/\/wp.me\/P7wNo8-Fc","jetpack-related-posts":[{"id":2537,"url":"https:\/\/rawinsight.us\/es\/servicios-de-consultoria\/","url_meta":{"origin":2554,"position":0},"title":"Servicios de Consultor\u00eda","author":"Admin","date":"julio 31, 2019","format":false,"excerpt":"Servicios de Consultor\u00eda Somos una agencia de consultor\u00eda estrat\u00e9gica \u2018full-service\u2019. Atravesamos el ruido y la complejidad de nuestro mundo digital para descubrir los \u2018insights\u2019 vitales que cambian las reglas del juego y que adem\u00e1s sirven de combustible para dise\u00f1ar sus estrategias m\u00e1s exitosas. \u00a1Perm\u00edtanos guiarle hacia su pr\u00f3xima gran victoria!\u2026","rel":"","context":"Entrada similar","block_context":{"text":"Entrada similar","link":""},"img":{"alt_text":"","src":"https:\/\/i0.wp.com\/rawinsight.us\/wp-content\/uploads\/2019\/06\/handshake.png?resize=350%2C200&ssl=1","width":350,"height":200},"classes":[]},{"id":2533,"url":"https:\/\/rawinsight.us\/es\/nuestra-gente\/","url_meta":{"origin":2554,"position":1},"title":"Nuestra Gente","author":"Admin","date":"julio 31, 2019","format":false,"excerpt":"Nuestra Gente Somos un equipo de exploradores audaces, mentes estrat\u00e9gicas y detectives de datos, quienes siempre estamos empujando las fronteras del statu quo. Nuestro diverso equipo multicultural est\u00e1 compuesto por profesionales con experiencia y \u00fanicos \u00fanicos. Estamos ubicados en el coraz\u00f3n de Manhattan, Nueva York, pero nuestro trabajo nos lleva\u2026","rel":"","context":"Entrada similar","block_context":{"text":"Entrada similar","link":""},"img":{"alt_text":"","src":"","width":0,"height":0},"classes":[]},{"id":2994,"url":"https:\/\/rawinsight.us\/es\/nuestros-clientes\/","url_meta":{"origin":2554,"position":2},"title":"Nuestros Clientes","author":"Admin","date":"marzo 14, 2023","format":false,"excerpt":"Nuestros Clientes Despu\u00e9s de trabajar para las grandes consultoras, decidimos crear una nueva agencia con un nuevo enfoque centrado en el cliente\/ciudadano para proyectos de consultor\u00eda tradicionales y no tradicionales. Trabajamos muy de cerca en estricta confidencialidad con nuestros clientes a lo largo de tres continentes para abordar sus desaf\u00edos\u2026","rel":"","context":"Entrada similar","block_context":{"text":"Entrada similar","link":""},"img":{"alt_text":"","src":"","width":0,"height":0},"classes":[]},{"id":2415,"url":"https:\/\/rawinsight.us\/why-raw-insight\/","url_meta":{"origin":2554,"position":3},"title":"Why Raw Insight","author":"Admin","date":"julio 12, 2019","format":false,"excerpt":"WHY RAW INSIGHT? We believe classic management consulting was designed for a different era. Legacy agencies are impersonal, outdated, stiff, and slow. Mass marketing is dead, and so is mass consulting.We are a boutique, agile, digital, disruptive, fearless, cutting-edge, and fresh consultancy. We embrace change and fuel growth with commitment\u2026","rel":"","context":"Entrada similar","block_context":{"text":"Entrada similar","link":""},"img":{"alt_text":"","src":"https:\/\/i0.wp.com\/rawinsight.us\/wp-content\/uploads\/2019\/06\/icon-big.png?resize=350%2C200&ssl=1","width":350,"height":200},"classes":[]},{"id":2425,"url":"https:\/\/rawinsight.us\/es\/contactenos\/","url_meta":{"origin":2554,"position":4},"title":"Cont\u00e1ctenos","author":"Admin","date":"julio 12, 2019","format":false,"excerpt":"Trabajamos en proyectos a nivel global, nos gustar\u00eda conocer sus retos Cont\u00e1ctenos Envi\u00e9nos un mensaje utilizando el siguiente formulario. 1357 Broadway New York, NY 10018 info@rawinsight.us Somos Raw Insight","rel":"","context":"Entrada similar","block_context":{"text":"Entrada similar","link":""},"img":{"alt_text":"","src":"","width":0,"height":0},"classes":[]},{"id":2384,"url":"https:\/\/rawinsight.us\/contact-us\/","url_meta":{"origin":2554,"position":5},"title":"Contact Us","author":"Admin","date":"julio 12, 2019","format":false,"excerpt":"We work on projects globally, and we would like to hear from you Contact Us Please contact us for a free consultation, or to submit an RFP: 1357 Broadway New York, NY 10018 info@rawinsight.us We Are Raw Insight","rel":"","context":"Entrada similar","block_context":{"text":"Entrada similar","link":""},"img":{"alt_text":"","src":"","width":0,"height":0},"classes":[]}],"_links":{"self":[{"href":"https:\/\/rawinsight.us\/es\/wp-json\/wp\/v2\/pages\/2554","targetHints":{"allow":["GET"]}}],"collection":[{"href":"https:\/\/rawinsight.us\/es\/wp-json\/wp\/v2\/pages"}],"about":[{"href":"https:\/\/rawinsight.us\/es\/wp-json\/wp\/v2\/types\/page"}],"author":[{"embeddable":true,"href":"https:\/\/rawinsight.us\/es\/wp-json\/wp\/v2\/users\/2"}],"replies":[{"embeddable":true,"href":"https:\/\/rawinsight.us\/es\/wp-json\/wp\/v2\/comments?post=2554"}],"version-history":[{"count":21,"href":"https:\/\/rawinsight.us\/es\/wp-json\/wp\/v2\/pages\/2554\/revisions"}],"predecessor-version":[{"id":3083,"href":"https:\/\/rawinsight.us\/es\/wp-json\/wp\/v2\/pages\/2554\/revisions\/3083"}],"wp:attachment":[{"href":"https:\/\/rawinsight.us\/es\/wp-json\/wp\/v2\/media?parent=2554"}],"curies":[{"name":"wp","href":"https:\/\/api.w.org\/{rel}","templated":true}]}}