{"id":2994,"date":"2023-03-14T04:58:23","date_gmt":"2023-03-14T04:58:23","guid":{"rendered":"https:\/\/rawinsight.us\/?page_id=2994"},"modified":"2023-03-14T05:44:01","modified_gmt":"2023-03-14T05:44:01","slug":"nuestros-clientes","status":"publish","type":"page","link":"https:\/\/rawinsight.us\/es\/nuestros-clientes\/","title":{"rendered":"Nuestros Clientes"},"content":{"rendered":"\t\t<div data-elementor-type=\"wp-page\" data-elementor-id=\"2994\" class=\"elementor elementor-2994\" data-elementor-post-type=\"page\">\n\t\t\t\t\t\t<section class=\"has_eae_slider elementor-section elementor-top-section elementor-element elementor-element-cfe2465 elementor-section-full_width elementor-section-content-middle elementor-section-height-default elementor-section-height-default\" data-eae-slider=\"85148\" data-id=\"cfe2465\" data-element_type=\"section\" data-e-type=\"section\">\n\t\t\t\t\t\t<div class=\"elementor-container elementor-column-gap-default\">\n\t\t\t\t\t<div class=\"has_eae_slider elementor-column elementor-col-100 elementor-top-column elementor-element elementor-element-89e410d elementor-invisible\" data-eae-slider=\"85655\" data-id=\"89e410d\" data-element_type=\"column\" data-e-type=\"column\" data-settings=\"{&quot;animation&quot;:&quot;fadeIn&quot;}\">\n\t\t\t<div class=\"elementor-widget-wrap elementor-element-populated\">\n\t\t\t\t\t\t<section class=\"has_eae_slider elementor-section elementor-inner-section elementor-element elementor-element-81eb6ee elementor-section-boxed elementor-section-height-default elementor-section-height-default\" data-eae-slider=\"12173\" data-id=\"81eb6ee\" data-element_type=\"section\" data-e-type=\"section\">\n\t\t\t\t\t\t<div class=\"elementor-container elementor-column-gap-default\">\n\t\t\t\t\t<div class=\"has_eae_slider elementor-column elementor-col-100 elementor-inner-column elementor-element elementor-element-8af05db\" data-eae-slider=\"62760\" data-id=\"8af05db\" data-element_type=\"column\" data-e-type=\"column\">\n\t\t\t<div class=\"elementor-widget-wrap elementor-element-populated\">\n\t\t\t\t\t\t<div class=\"elementor-element elementor-element-83b2bd8 elementor-widget elementor-widget-heading\" data-id=\"83b2bd8\" data-element_type=\"widget\" data-e-type=\"widget\" data-widget_type=\"heading.default\">\n\t\t\t\t<div class=\"elementor-widget-container\">\n\t\t\t\t\t<h2 class=\"elementor-heading-title elementor-size-default\">Nuestros <span style=\"color:#e5223c\">Clientes<\/span><\/h2>\t\t\t\t<\/div>\n\t\t\t\t<\/div>\n\t\t\t\t\t<\/div>\n\t\t<\/div>\n\t\t\t\t\t<\/div>\n\t\t<\/section>\n\t\t\t\t<section class=\"has_eae_slider elementor-section elementor-inner-section elementor-element elementor-element-16dc5ba elementor-section-boxed elementor-section-height-default elementor-section-height-default\" data-eae-slider=\"76032\" data-id=\"16dc5ba\" data-element_type=\"section\" data-e-type=\"section\">\n\t\t\t\t\t\t<div class=\"elementor-container elementor-column-gap-default\">\n\t\t\t\t\t<div class=\"has_eae_slider elementor-column elementor-col-100 elementor-inner-column elementor-element elementor-element-55de790\" data-eae-slider=\"64621\" data-id=\"55de790\" data-element_type=\"column\" data-e-type=\"column\">\n\t\t\t<div class=\"elementor-widget-wrap elementor-element-populated\">\n\t\t\t\t\t\t<div class=\"elementor-element elementor-element-1171906 elementor-widget elementor-widget-text-editor\" data-id=\"1171906\" data-element_type=\"widget\" data-e-type=\"widget\" data-widget_type=\"text-editor.default\">\n\t\t\t\t<div class=\"elementor-widget-container\">\n\t\t\t\t\t\t\t\t\t<p>Despu\u00e9s de trabajar para las grandes consultoras, decidimos crear una nueva agencia con un nuevo enfoque centrado en el cliente\/ciudadano para proyectos de consultor\u00eda tradicionales y no tradicionales. Trabajamos muy de cerca en estricta confidencialidad con nuestros clientes a lo largo de tres continentes para abordar sus desaf\u00edos m\u00e1s complejos. Ya sea que su organizaci\u00f3n sea grande o peque\u00f1a, que el proyecto se base en su pa\u00eds o en el extranjero, podemos ayudarlo a crear, desarrollar y sostener estrategias ganadoras.<\/p><p>Somos especialistas en el mercado latino americano y en el mercado latino de los Estados Unidos, donde hemos dise\u00f1ado estrategias ganadoras para los l\u00edderes de las m\u00e1s diversas industrias en los sectores p\u00fablico y privado.\u00a0<\/p>\t\t\t\t\t\t\t\t<\/div>\n\t\t\t\t<\/div>\n\t\t\t\t\t<\/div>\n\t\t<\/div>\n\t\t\t\t\t<\/div>\n\t\t<\/section>\n\t\t\t\t<section class=\"has_eae_slider elementor-section elementor-inner-section elementor-element elementor-element-553cba2 elementor-section-boxed elementor-section-height-default elementor-section-height-default\" data-eae-slider=\"29357\" data-id=\"553cba2\" data-element_type=\"section\" data-e-type=\"section\">\n\t\t\t\t\t\t<div class=\"elementor-container elementor-column-gap-default\">\n\t\t\t\t\t<div class=\"has_eae_slider elementor-column elementor-col-100 elementor-inner-column elementor-element elementor-element-0911338\" data-eae-slider=\"59562\" data-id=\"0911338\" data-element_type=\"column\" data-e-type=\"column\">\n\t\t\t<div class=\"elementor-widget-wrap elementor-element-populated\">\n\t\t\t\t\t\t<div class=\"elementor-element elementor-element-8a494b9 elementor-grid-5 elementor-grid-mobile-2 elementor-grid-tablet-2 elementor-widget elementor-widget-pp-logo-grid\" data-id=\"8a494b9\" data-element_type=\"widget\" data-e-type=\"widget\" data-widget_type=\"pp-logo-grid.default\">\n\t\t\t\t<div class=\"elementor-widget-container\">\n\t\t\t\t\t\t\t<div class=\"pp-logo-grid elementor-grid grayscale-normal\">\n\t\t\t\t\t\t\t\t<div class=\"elementor-grid-item elementor-repeater-item-13cb378\">\n\t\t\t\t\t\t<div class=\"pp-logo-wrap\">\n\t\t\t\t\t\t<img decoding=\"async\" src=\"https:\/\/i0.wp.com\/rawinsight.us\/wp-content\/uploads\/2019\/06\/Macys_logo.png?fit=245%2C245&amp;ssl=1\" alt=\"Macys_logo\" \/>\t\t\t\t\t\t<\/div>\n\t\t\t\t\t\t\t\t\t\t\t<\/div>\n\t\t\t\t\t\t\t\t\t\t<div class=\"elementor-grid-item elementor-repeater-item-fbc858b\">\n\t\t\t\t\t\t<div class=\"pp-logo-wrap\">\n\t\t\t\t\t\t<img decoding=\"async\" src=\"https:\/\/i0.wp.com\/rawinsight.us\/wp-content\/uploads\/2019\/06\/Ralph-Lauren-logo.png?fit=245%2C245&amp;ssl=1\" alt=\"Ralph-Lauren-logo\" \/>\t\t\t\t\t\t<\/div>\n\t\t\t\t\t\t\t\t\t\t\t<\/div>\n\t\t\t\t\t\t\t\t\t\t<div class=\"elementor-grid-item elementor-repeater-item-1cf72fd\">\n\t\t\t\t\t\t<div class=\"pp-logo-wrap\">\n\t\t\t\t\t\t<img decoding=\"async\" src=\"https:\/\/i0.wp.com\/rawinsight.us\/wp-content\/uploads\/2019\/06\/nike-logo.png?fit=245%2C245&amp;ssl=1\" alt=\"nike-logo\" \/>\t\t\t\t\t\t<\/div>\n\t\t\t\t\t\t\t\t\t\t\t<\/div>\n\t\t\t\t\t\t\t\t\t\t<div class=\"elementor-grid-item elementor-repeater-item-0c50f91\">\n\t\t\t\t\t\t<div class=\"pp-logo-wrap\">\n\t\t\t\t\t\t<img decoding=\"async\" src=\"https:\/\/i0.wp.com\/rawinsight.us\/wp-content\/uploads\/2019\/06\/adidas-logo.png?fit=245%2C245&amp;ssl=1\" alt=\"adidas-logo\" \/>\t\t\t\t\t\t<\/div>\n\t\t\t\t\t\t\t\t\t\t\t<\/div>\n\t\t\t\t\t\t\t\t\t\t<div class=\"elementor-grid-item elementor-repeater-item-3099a74\">\n\t\t\t\t\t\t<div class=\"pp-logo-wrap\">\n\t\t\t\t\t\t<img decoding=\"async\" src=\"https:\/\/i0.wp.com\/rawinsight.us\/wp-content\/uploads\/2019\/06\/under-armour-logo.png?fit=245%2C245&amp;ssl=1\" alt=\"under-armour-logo\" \/>\t\t\t\t\t\t<\/div>\n\t\t\t\t\t\t\t\t\t\t\t<\/div>\n\t\t\t\t\t\t\t\t\t\t<div class=\"elementor-grid-item elementor-repeater-item-338d166\">\n\t\t\t\t\t\t<div class=\"pp-logo-wrap\">\n\t\t\t\t\t\t<img decoding=\"async\" src=\"https:\/\/i0.wp.com\/rawinsight.us\/wp-content\/uploads\/2019\/06\/Michael-Kors-logo.png?fit=245%2C245&amp;ssl=1\" alt=\"Michael-Kors-logo\" \/>\t\t\t\t\t\t<\/div>\n\t\t\t\t\t\t\t\t\t\t\t<\/div>\n\t\t\t\t\t\t\t\t\t\t<div class=\"elementor-grid-item elementor-repeater-item-e48d412\">\n\t\t\t\t\t\t<div class=\"pp-logo-wrap\">\n\t\t\t\t\t\t<img decoding=\"async\" src=\"https:\/\/i0.wp.com\/rawinsight.us\/wp-content\/uploads\/2023\/03\/the-north-face-logo.png?fit=245%2C245&amp;ssl=1\" alt=\"the-north-face-logo\" \/>\t\t\t\t\t\t<\/div>\n\t\t\t\t\t\t\t\t\t\t\t<\/div>\n\t\t\t\t\t\t\t\t\t\t<div class=\"elementor-grid-item elementor-repeater-item-7059d2b\">\n\t\t\t\t\t\t<div class=\"pp-logo-wrap\">\n\t\t\t\t\t\t<img decoding=\"async\" src=\"https:\/\/i0.wp.com\/rawinsight.us\/wp-content\/uploads\/2019\/06\/Kate-Spade-logo.png?fit=245%2C245&amp;ssl=1\" alt=\"Kate-Spade-logo\" \/>\t\t\t\t\t\t<\/div>\n\t\t\t\t\t\t\t\t\t\t\t<\/div>\n\t\t\t\t\t\t\t\t\t\t<div class=\"elementor-grid-item elementor-repeater-item-a6dae54\">\n\t\t\t\t\t\t<div class=\"pp-logo-wrap\">\n\t\t\t\t\t\t<img decoding=\"async\" src=\"https:\/\/i0.wp.com\/rawinsight.us\/wp-content\/uploads\/2019\/06\/Playboy_logo.png?fit=245%2C245&amp;ssl=1\" alt=\"Playboy_logo\" \/>\t\t\t\t\t\t<\/div>\n\t\t\t\t\t\t\t\t\t\t\t<\/div>\n\t\t\t\t\t\t\t\t\t\t<div class=\"elementor-grid-item elementor-repeater-item-99bc17b\">\n\t\t\t\t\t\t<div class=\"pp-logo-wrap\">\n\t\t\t\t\t\t<img decoding=\"async\" src=\"https:\/\/i0.wp.com\/rawinsight.us\/wp-content\/uploads\/2019\/06\/Rolling_Stone_magazine_logo.png?fit=245%2C245&amp;ssl=1\" alt=\"Rolling_Stone_magazine_logo\" \/>\t\t\t\t\t\t<\/div>\n\t\t\t\t\t\t\t\t\t\t\t<\/div>\n\t\t\t\t\t\t\t\t\t\t<div class=\"elementor-grid-item elementor-repeater-item-3a0fdae\">\n\t\t\t\t\t\t<div class=\"pp-logo-wrap\">\n\t\t\t\t\t\t<img decoding=\"async\" src=\"https:\/\/i0.wp.com\/rawinsight.us\/wp-content\/uploads\/2019\/06\/Nestle-Logo.png?fit=245%2C245&amp;ssl=1\" alt=\"Nestle-Logo\" \/>\t\t\t\t\t\t<\/div>\n\t\t\t\t\t\t\t\t\t\t\t<\/div>\n\t\t\t\t\t\t\t\t\t\t<div class=\"elementor-grid-item elementor-repeater-item-169eb2a\">\n\t\t\t\t\t\t<div class=\"pp-logo-wrap\">\n\t\t\t\t\t\t<img decoding=\"async\" src=\"https:\/\/i0.wp.com\/rawinsight.us\/wp-content\/uploads\/2019\/06\/kelloggs-red-logo.png?fit=245%2C245&amp;ssl=1\" alt=\"kelloggs-red-logo\" \/>\t\t\t\t\t\t<\/div>\n\t\t\t\t\t\t\t\t\t\t\t<\/div>\n\t\t\t\t\t\t\t\t\t\t<div class=\"elementor-grid-item elementor-repeater-item-d9f5c0e\">\n\t\t\t\t\t\t<div class=\"pp-logo-wrap\">\n\t\t\t\t\t\t<img decoding=\"async\" src=\"https:\/\/i0.wp.com\/rawinsight.us\/wp-content\/uploads\/2019\/06\/Colgate-Logo.png?fit=245%2C245&amp;ssl=1\" alt=\"Colgate-Logo\" \/>\t\t\t\t\t\t<\/div>\n\t\t\t\t\t\t\t\t\t\t\t<\/div>\n\t\t\t\t\t\t\t\t\t\t<div class=\"elementor-grid-item elementor-repeater-item-160fb4b\">\n\t\t\t\t\t\t<div class=\"pp-logo-wrap\">\n\t\t\t\t\t\t<img decoding=\"async\" src=\"https:\/\/i0.wp.com\/rawinsight.us\/wp-content\/uploads\/2019\/06\/Pepsico-logo.png?fit=245%2C245&amp;ssl=1\" alt=\"Pepsico-logo\" \/>\t\t\t\t\t\t<\/div>\n\t\t\t\t\t\t\t\t\t\t\t<\/div>\n\t\t\t\t\t\t\t\t\t\t<div class=\"elementor-grid-item elementor-repeater-item-32841b3\">\n\t\t\t\t\t\t<div class=\"pp-logo-wrap\">\n\t\t\t\t\t\t<img decoding=\"async\" src=\"https:\/\/i0.wp.com\/rawinsight.us\/wp-content\/uploads\/2019\/06\/alpina-logo.png?fit=245%2C245&amp;ssl=1\" alt=\"alpina-logo\" \/>\t\t\t\t\t\t<\/div>\n\t\t\t\t\t\t\t\t\t\t\t<\/div>\n\t\t\t\t\t\t\t\t\t\t<div class=\"elementor-grid-item elementor-repeater-item-e5a6c9d\">\n\t\t\t\t\t\t<div class=\"pp-logo-wrap\">\n\t\t\t\t\t\t<img decoding=\"async\" src=\"https:\/\/i0.wp.com\/rawinsight.us\/wp-content\/uploads\/2019\/06\/terpel-logo.png?fit=245%2C245&amp;ssl=1\" alt=\"terpel-logo\" \/>\t\t\t\t\t\t<\/div>\n\t\t\t\t\t\t\t\t\t\t\t<\/div>\n\t\t\t\t\t\t\t\t\t\t<div class=\"elementor-grid-item elementor-repeater-item-3d41fa1\">\n\t\t\t\t\t\t<div class=\"pp-logo-wrap\">\n\t\t\t\t\t\t<img decoding=\"async\" src=\"https:\/\/i0.wp.com\/rawinsight.us\/wp-content\/uploads\/2019\/06\/telmex-logo.png?fit=245%2C245&amp;ssl=1\" alt=\"telmex-logo\" \/>\t\t\t\t\t\t<\/div>\n\t\t\t\t\t\t\t\t\t\t\t<\/div>\n\t\t\t\t\t\t\t\t\t\t<div class=\"elementor-grid-item elementor-repeater-item-328f7d8\">\n\t\t\t\t\t\t<div class=\"pp-logo-wrap\">\n\t\t\t\t\t\t<img decoding=\"async\" src=\"https:\/\/i0.wp.com\/rawinsight.us\/wp-content\/uploads\/2019\/06\/Telefonica_Logo.png?fit=245%2C245&amp;ssl=1\" alt=\"Telefonica_Logo\" \/>\t\t\t\t\t\t<\/div>\n\t\t\t\t\t\t\t\t\t\t\t<\/div>\n\t\t\t\t\t\t\t\t\t\t<div class=\"elementor-grid-item elementor-repeater-item-5a32422\">\n\t\t\t\t\t\t<div class=\"pp-logo-wrap\">\n\t\t\t\t\t\t<img decoding=\"async\" src=\"https:\/\/i0.wp.com\/rawinsight.us\/wp-content\/uploads\/2019\/06\/bloomberg-business-logo.png?fit=245%2C245&amp;ssl=1\" alt=\"bloomberg-business-logo\" \/>\t\t\t\t\t\t<\/div>\n\t\t\t\t\t\t\t\t\t\t\t<\/div>\n\t\t\t\t\t\t\t\t\t\t<div class=\"elementor-grid-item elementor-repeater-item-0b18cde\">\n\t\t\t\t\t\t<div class=\"pp-logo-wrap\">\n\t\t\t\t\t\t<img decoding=\"async\" src=\"https:\/\/i0.wp.com\/rawinsight.us\/wp-content\/uploads\/2019\/06\/Scotiabank-logo.png?fit=245%2C245&amp;ssl=1\" alt=\"Scotiabank-logo\" \/>\t\t\t\t\t\t<\/div>\n\t\t\t\t\t\t\t\t\t\t\t<\/div>\n\t\t\t\t\t\t\t\t\t\t<div class=\"elementor-grid-item elementor-repeater-item-b822b8d\">\n\t\t\t\t\t\t<div class=\"pp-logo-wrap\">\n\t\t\t\t\t\t<img decoding=\"async\" src=\"https:\/\/i0.wp.com\/rawinsight.us\/wp-content\/uploads\/2019\/06\/Boehringer_Ingelheim_Logo.png?fit=245%2C245&amp;ssl=1\" alt=\"Boehringer_Ingelheim_Logo\" \/>\t\t\t\t\t\t<\/div>\n\t\t\t\t\t\t\t\t\t\t\t<\/div>\n\t\t\t\t\t\t\t\t\t\t<div class=\"elementor-grid-item elementor-repeater-item-b09fbb2\">\n\t\t\t\t\t\t<div class=\"pp-logo-wrap\">\n\t\t\t\t\t\t<img decoding=\"async\" src=\"https:\/\/i0.wp.com\/rawinsight.us\/wp-content\/uploads\/2019\/06\/merck-logo.png?fit=245%2C245&amp;ssl=1\" alt=\"merck-logo\" \/>\t\t\t\t\t\t<\/div>\n\t\t\t\t\t\t\t\t\t\t\t<\/div>\n\t\t\t\t\t\t\t\t\t\t<div class=\"elementor-grid-item elementor-repeater-item-52c4e4b\">\n\t\t\t\t\t\t<div class=\"pp-logo-wrap\">\n\t\t\t\t\t\t<img decoding=\"async\" src=\"https:\/\/i0.wp.com\/rawinsight.us\/wp-content\/uploads\/2019\/06\/banorte-logo.png?fit=245%2C245&amp;ssl=1\" alt=\"banorte-logo\" \/>\t\t\t\t\t\t<\/div>\n\t\t\t\t\t\t\t\t\t\t\t<\/div>\n\t\t\t\t\t\t\t\t\t\t<div class=\"elementor-grid-item elementor-repeater-item-d59da7d\">\n\t\t\t\t\t\t<div class=\"pp-logo-wrap\">\n\t\t\t\t\t\t<img decoding=\"async\" src=\"https:\/\/i0.wp.com\/rawinsight.us\/wp-content\/uploads\/2019\/06\/grupo-bimbo-logo.png?fit=245%2C245&amp;ssl=1\" alt=\"grupo-bimbo-logo\" \/>\t\t\t\t\t\t<\/div>\n\t\t\t\t\t\t\t\t\t\t\t<\/div>\n\t\t\t\t\t\t\t\t\t\t<div class=\"elementor-grid-item elementor-repeater-item-686d530\">\n\t\t\t\t\t\t<div class=\"pp-logo-wrap\">\n\t\t\t\t\t\t<img decoding=\"async\" src=\"https:\/\/i0.wp.com\/rawinsight.us\/wp-content\/uploads\/2019\/06\/oxxo-logo.png?fit=245%2C245&amp;ssl=1\" alt=\"oxxo-logo\" \/>\t\t\t\t\t\t<\/div>\n\t\t\t\t\t\t\t\t\t\t\t<\/div>\n\t\t\t\t\t\t\t\t\t\t<div class=\"elementor-grid-item elementor-repeater-item-987b572\">\n\t\t\t\t\t\t<div class=\"pp-logo-wrap\">\n\t\t\t\t\t\t<img decoding=\"async\" src=\"https:\/\/i0.wp.com\/rawinsight.us\/wp-content\/uploads\/2023\/03\/Amazon-logo.png?fit=245%2C245&amp;ssl=1\" alt=\"Amazon-logo\" \/>\t\t\t\t\t\t<\/div>\n\t\t\t\t\t\t\t\t\t\t\t<\/div>\n\t\t\t\t\t\t\t\t\t\t<div class=\"elementor-grid-item elementor-repeater-item-ca49dde\">\n\t\t\t\t\t\t<div class=\"pp-logo-wrap\">\n\t\t\t\t\t\t<img decoding=\"async\" src=\"https:\/\/i0.wp.com\/rawinsight.us\/wp-content\/uploads\/2023\/03\/Intel-logo.png?fit=245%2C245&amp;ssl=1\" alt=\"Intel-logo\" \/>\t\t\t\t\t\t<\/div>\n\t\t\t\t\t\t\t\t\t\t\t<\/div>\n\t\t\t\t\t\t\t\t\t\t<div class=\"elementor-grid-item elementor-repeater-item-b4b9b5c\">\n\t\t\t\t\t\t<div class=\"pp-logo-wrap\">\n\t\t\t\t\t\t<img decoding=\"async\" src=\"https:\/\/i0.wp.com\/rawinsight.us\/wp-content\/uploads\/2023\/03\/XBOX_logo.png?fit=245%2C245&amp;ssl=1\" alt=\"XBOX_logo\" \/>\t\t\t\t\t\t<\/div>\n\t\t\t\t\t\t\t\t\t\t\t<\/div>\n\t\t\t\t\t\t\t\t\t\t<div class=\"elementor-grid-item elementor-repeater-item-7335b32\">\n\t\t\t\t\t\t<div class=\"pp-logo-wrap\">\n\t\t\t\t\t\t<img decoding=\"async\" src=\"https:\/\/i0.wp.com\/rawinsight.us\/wp-content\/uploads\/2023\/03\/Riot_Games-Logo.png?fit=245%2C245&amp;ssl=1\" alt=\"Riot_Games-Logo\" \/>\t\t\t\t\t\t<\/div>\n\t\t\t\t\t\t\t\t\t\t\t<\/div>\n\t\t\t\t\t\t\t\t\t\t<div class=\"elementor-grid-item elementor-repeater-item-1e13b8a\">\n\t\t\t\t\t\t<div class=\"pp-logo-wrap\">\n\t\t\t\t\t\t<img decoding=\"async\" src=\"https:\/\/i0.wp.com\/rawinsight.us\/wp-content\/uploads\/2023\/03\/City-of-Hope-Logo.png?fit=245%2C245&amp;ssl=1\" alt=\"City-of-Hope-Logo\" \/>\t\t\t\t\t\t<\/div>\n\t\t\t\t\t\t\t\t\t\t\t<\/div>\n\t\t\t\t\t\t\t\t\t\t<div class=\"elementor-grid-item elementor-repeater-item-4435cba\">\n\t\t\t\t\t\t<div class=\"pp-logo-wrap\">\n\t\t\t\t\t\t<img decoding=\"async\" src=\"https:\/\/i0.wp.com\/rawinsight.us\/wp-content\/uploads\/2023\/03\/Bass-logo.png?fit=245%2C245&amp;ssl=1\" alt=\"Bass-logo\" \/>\t\t\t\t\t\t<\/div>\n\t\t\t\t\t\t\t\t\t\t\t<\/div>\n\t\t\t\t\t\t\t<\/div>\n\t\t\t\t\t\t<\/div>\n\t\t\t\t<\/div>\n\t\t\t\t\t<\/div>\n\t\t<\/div>\n\t\t\t\t\t<\/div>\n\t\t<\/section>\n\t\t\t\t\t<\/div>\n\t\t<\/div>\n\t\t\t\t\t<\/div>\n\t\t<\/section>\n\t\t\t\t<\/div>\n\t\t","protected":false},"excerpt":{"rendered":"<p>Nuestros Clientes Despu\u00e9s de trabajar para las grandes consultoras, decidimos crear una nueva agencia con un nuevo enfoque centrado en el cliente\/ciudadano para proyectos de consultor\u00eda tradicionales y no tradicionales&#8230;.<\/p>\n","protected":false},"author":2,"featured_media":0,"parent":0,"menu_order":0,"comment_status":"closed","ping_status":"closed","template":"","meta":{"nf_dc_page":"","footnotes":""},"class_list":["post-2994","page","type-page","status-publish"],"aioseo_notices":[],"jetpack_sharing_enabled":true,"jetpack_shortlink":"https:\/\/wp.me\/P7wNo8-Mi","jetpack-related-posts":[{"id":2537,"url":"https:\/\/rawinsight.us\/es\/servicios-de-consultoria\/","url_meta":{"origin":2994,"position":0},"title":"Servicios de Consultor\u00eda","author":"Admin","date":"julio 31, 2019","format":false,"excerpt":"Servicios de Consultor\u00eda Somos una agencia de consultor\u00eda estrat\u00e9gica \u2018full-service\u2019. Atravesamos el ruido y la complejidad de nuestro mundo digital para descubrir los \u2018insights\u2019 vitales que cambian las reglas del juego y que adem\u00e1s sirven de combustible para dise\u00f1ar sus estrategias m\u00e1s exitosas. \u00a1Perm\u00edtanos guiarle hacia su pr\u00f3xima gran victoria!\u2026","rel":"","context":"Entrada similar","block_context":{"text":"Entrada similar","link":""},"img":{"alt_text":"","src":"https:\/\/i0.wp.com\/rawinsight.us\/wp-content\/uploads\/2019\/06\/handshake.png?resize=350%2C200&ssl=1","width":350,"height":200},"classes":[]},{"id":2533,"url":"https:\/\/rawinsight.us\/es\/nuestra-gente\/","url_meta":{"origin":2994,"position":1},"title":"Nuestra Gente","author":"Admin","date":"julio 31, 2019","format":false,"excerpt":"Nuestra Gente Somos un equipo de exploradores audaces, mentes estrat\u00e9gicas y detectives de datos, quienes siempre estamos empujando las fronteras del statu quo. Nuestro diverso equipo multicultural est\u00e1 compuesto por profesionales con experiencia y \u00fanicos \u00fanicos. Estamos ubicados en el coraz\u00f3n de Manhattan, Nueva York, pero nuestro trabajo nos lleva\u2026","rel":"","context":"Entrada similar","block_context":{"text":"Entrada similar","link":""},"img":{"alt_text":"","src":"","width":0,"height":0},"classes":[]},{"id":2880,"url":"https:\/\/rawinsight.us\/our-clients\/","url_meta":{"origin":2994,"position":2},"title":"Our Clients","author":"Admin","date":"marzo 7, 2023","format":false,"excerpt":"Our Clients After doing our time working for the big consulting firms, we decided to create a fresh firm with a new customer\/citizen centric approach to both traditional and non-traditional consulting projects. We work very close in strict confidentiality with our clients in order to tackle their most complex challenges.\u2026","rel":"","context":"Entrada similar","block_context":{"text":"Entrada similar","link":""},"img":{"alt_text":"","src":"","width":0,"height":0},"classes":[]},{"id":2425,"url":"https:\/\/rawinsight.us\/es\/contactenos\/","url_meta":{"origin":2994,"position":3},"title":"Cont\u00e1ctenos","author":"Admin","date":"julio 12, 2019","format":false,"excerpt":"Trabajamos en proyectos a nivel global, nos gustar\u00eda conocer sus retos Cont\u00e1ctenos Envi\u00e9nos un mensaje utilizando el siguiente formulario. 1357 Broadway New York, NY 10018 info@rawinsight.us Somos Raw Insight","rel":"","context":"Entrada similar","block_context":{"text":"Entrada similar","link":""},"img":{"alt_text":"","src":"","width":0,"height":0},"classes":[]}],"_links":{"self":[{"href":"https:\/\/rawinsight.us\/es\/wp-json\/wp\/v2\/pages\/2994","targetHints":{"allow":["GET"]}}],"collection":[{"href":"https:\/\/rawinsight.us\/es\/wp-json\/wp\/v2\/pages"}],"about":[{"href":"https:\/\/rawinsight.us\/es\/wp-json\/wp\/v2\/types\/page"}],"author":[{"embeddable":true,"href":"https:\/\/rawinsight.us\/es\/wp-json\/wp\/v2\/users\/2"}],"replies":[{"embeddable":true,"href":"https:\/\/rawinsight.us\/es\/wp-json\/wp\/v2\/comments?post=2994"}],"version-history":[{"count":8,"href":"https:\/\/rawinsight.us\/es\/wp-json\/wp\/v2\/pages\/2994\/revisions"}],"predecessor-version":[{"id":3089,"href":"https:\/\/rawinsight.us\/es\/wp-json\/wp\/v2\/pages\/2994\/revisions\/3089"}],"wp:attachment":[{"href":"https:\/\/rawinsight.us\/es\/wp-json\/wp\/v2\/media?parent=2994"}],"curies":[{"name":"wp","href":"https:\/\/api.w.org\/{rel}","templated":true}]}}